{"id":2960,"date":"2026-03-05T11:51:23","date_gmt":"2026-03-05T11:51:23","guid":{"rendered":"https:\/\/mindergyvr.com\/?page_id=2960"},"modified":"2026-04-16T08:00:10","modified_gmt":"2026-04-16T08:00:10","slug":"angestdampande","status":"publish","type":"page","link":"https:\/\/mindergyvr.com\/sv\/angestdampande\/","title":{"rendered":"\u00c5ngestd\u00e4mpande"},"content":{"rendered":"<div data-elementor-type=\"wp-page\" data-elementor-id=\"2960\" class=\"elementor elementor-2960\" data-elementor-settings=\"{&quot;element_pack_global_tooltip_width&quot;:{&quot;unit&quot;:&quot;px&quot;,&quot;size&quot;:&quot;&quot;,&quot;sizes&quot;:[]},&quot;element_pack_global_tooltip_width_tablet&quot;:{&quot;unit&quot;:&quot;px&quot;,&quot;size&quot;:&quot;&quot;,&quot;sizes&quot;:[]},&quot;element_pack_global_tooltip_width_mobile&quot;:{&quot;unit&quot;:&quot;px&quot;,&quot;size&quot;:&quot;&quot;,&quot;sizes&quot;:[]},&quot;element_pack_global_tooltip_padding&quot;:{&quot;unit&quot;:&quot;px&quot;,&quot;top&quot;:&quot;&quot;,&quot;right&quot;:&quot;&quot;,&quot;bottom&quot;:&quot;&quot;,&quot;left&quot;:&quot;&quot;,&quot;isLinked&quot;:true},&quot;element_pack_global_tooltip_padding_tablet&quot;:{&quot;unit&quot;:&quot;px&quot;,&quot;top&quot;:&quot;&quot;,&quot;right&quot;:&quot;&quot;,&quot;bottom&quot;:&quot;&quot;,&quot;left&quot;:&quot;&quot;,&quot;isLinked&quot;:true},&quot;element_pack_global_tooltip_padding_mobile&quot;:{&quot;unit&quot;:&quot;px&quot;,&quot;top&quot;:&quot;&quot;,&quot;right&quot;:&quot;&quot;,&quot;bottom&quot;:&quot;&quot;,&quot;left&quot;:&quot;&quot;,&quot;isLinked&quot;:true},&quot;element_pack_global_tooltip_border_radius&quot;:{&quot;unit&quot;:&quot;px&quot;,&quot;top&quot;:&quot;&quot;,&quot;right&quot;:&quot;&quot;,&quot;bottom&quot;:&quot;&quot;,&quot;left&quot;:&quot;&quot;,&quot;isLinked&quot;:true},&quot;element_pack_global_tooltip_border_radius_tablet&quot;:{&quot;unit&quot;:&quot;px&quot;,&quot;top&quot;:&quot;&quot;,&quot;right&quot;:&quot;&quot;,&quot;bottom&quot;:&quot;&quot;,&quot;left&quot;:&quot;&quot;,&quot;isLinked&quot;:true},&quot;element_pack_global_tooltip_border_radius_mobile&quot;:{&quot;unit&quot;:&quot;px&quot;,&quot;top&quot;:&quot;&quot;,&quot;right&quot;:&quot;&quot;,&quot;bottom&quot;:&quot;&quot;,&quot;left&quot;:&quot;&quot;,&quot;isLinked&quot;:true}}\" data-elementor-post-type=\"page\">\n\t\t\t\t<div class=\"elementor-element elementor-element-e28d8b e-con-full e-flex e-con e-parent\" data-id=\"e28d8b\" data-element_type=\"container\">\n\t\t<div class=\"elementor-element elementor-element-28474a4e e-flex e-con-boxed e-con e-child\" data-id=\"28474a4e\" data-element_type=\"container\" data-settings=\"{&quot;background_background&quot;:&quot;classic&quot;}\">\n\t\t\t\t\t<div class=\"e-con-inner\">\n\t\t\t\t<div class=\"elementor-element elementor-element-34d49b0b elementor-widget__width-initial elementor-invisible elementor-widget elementor-widget-heading\" data-id=\"34d49b0b\" data-element_type=\"widget\" data-settings=\"{&quot;_animation&quot;:&quot;fadeInLeft&quot;}\" data-widget_type=\"heading.default\">\n\t\t\t\t<div class=\"elementor-widget-container\">\n\t\t\t\t\t<h1 class=\"elementor-heading-title elementor-size-default\">\u00c5ngestd\u00e4mpande<\/h1>\t\t\t\t<\/div>\n\t\t\t\t<\/div>\n\t\t\t\t\t<\/div>\n\t\t\t\t<\/div>\n\t\t\t\t<\/div>\n\t\t<div class=\"elementor-element elementor-element-76db671e e-flex e-con-boxed e-con e-parent\" data-id=\"76db671e\" data-element_type=\"container\" data-settings=\"{&quot;background_background&quot;:&quot;classic&quot;}\">\n\t\t\t\t\t<div class=\"e-con-inner\">\n\t\t<div class=\"elementor-element elementor-element-35dab29d e-con-full e-flex e-con e-child\" data-id=\"35dab29d\" data-element_type=\"container\">\n\t\t\t\t<div class=\"elementor-element elementor-element-13452b64 elementor-invisible elementor-widget elementor-widget-text-editor\" data-id=\"13452b64\" data-element_type=\"widget\" data-settings=\"{&quot;_animation&quot;:&quot;fadeInLeft&quot;}\" data-widget_type=\"text-editor.default\">\n\t\t\t\t<div class=\"elementor-widget-container\">\n\t\t\t\t\t\t\t\t\t<p>\u00c5ngestd\u00e4mpande l\u00f6sningar spelar en viktig roll f\u00f6r att skapa trygghet och lugn i v\u00e5rdmilj\u00f6er, s\u00e4rskilt f\u00f6r patienter som upplever oro inf\u00f6r behandlingar. Genom att rikta fokus mot avslappnande och immersiva upplevelser kan \u00e5ngestniv\u00e5er minska p\u00e5 ett naturligt s\u00e4tt, utan att alltid beh\u00f6va ta till traditionell medicinering. Forskning visar att \u00e5ngestd\u00e4mpande metoder som guidar andning, avsp\u00e4nning och distraktion kan bidra till att s\u00e4nka stresshormoner och skapa en k\u00e4nsla av kontroll. Med hj\u00e4lp av modern teknik som virtual reality fr\u00e5n MinderGY kan patienter f\u00e5 tillg\u00e5ng till evidensbaserade, \u00e5ngestd\u00e4mpande verktyg som st\u00f6djer b\u00e5de barn och vuxna under v\u00e5rdsituationer. Resultatet blir ofta en lugnare patient, minskat behov av lugnande medicin och en mer positiv upplevelse av v\u00e5rden &#8211; n\u00e5got som gynnar b\u00e5de individ och personal.<\/p>\t\t\t\t\t\t\t\t<\/div>\n\t\t\t\t<\/div>\n\t\t\t\t<\/div>\n\t\t\t\t\t<\/div>\n\t\t\t\t<\/div>\n\t\t\t\t<\/div>","protected":false},"excerpt":{"rendered":"<p>\u00c5ngestd\u00e4mpande l\u00f6sningar spelar en viktig roll f\u00f6r att skapa trygghet och lugn i v\u00e5rdmilj\u00f6er, s\u00e4rskilt f\u00f6r patienter som upplever oro inf\u00f6r behandlingar. Genom att rikta fokus mot avslappnande och immersiva upplevelser kan \u00e5ngestniv\u00e5er minska p\u00e5 ett naturligt s\u00e4tt, utan att alltid beh\u00f6va ta till traditionell medicinering. Forskning visar att \u00e5ngestd\u00e4mpande metoder som guidar andning, avsp\u00e4nning [&hellip;]<\/p>\n","protected":false},"author":6,"featured_media":0,"parent":0,"menu_order":0,"comment_status":"closed","ping_status":"closed","template":"","meta":{"_acf_changed":false,"footnotes":""},"class_list":["post-2960","page","type-page","status-publish","hentry"],"acf":[],"jetpack_sharing_enabled":true,"_links":{"self":[{"href":"https:\/\/mindergyvr.com\/sv\/wp-json\/wp\/v2\/pages\/2960","targetHints":{"allow":["GET"]}}],"collection":[{"href":"https:\/\/mindergyvr.com\/sv\/wp-json\/wp\/v2\/pages"}],"about":[{"href":"https:\/\/mindergyvr.com\/sv\/wp-json\/wp\/v2\/types\/page"}],"author":[{"embeddable":true,"href":"https:\/\/mindergyvr.com\/sv\/wp-json\/wp\/v2\/users\/6"}],"replies":[{"embeddable":true,"href":"https:\/\/mindergyvr.com\/sv\/wp-json\/wp\/v2\/comments?post=2960"}],"version-history":[{"count":4,"href":"https:\/\/mindergyvr.com\/sv\/wp-json\/wp\/v2\/pages\/2960\/revisions"}],"predecessor-version":[{"id":2964,"href":"https:\/\/mindergyvr.com\/sv\/wp-json\/wp\/v2\/pages\/2960\/revisions\/2964"}],"wp:attachment":[{"href":"https:\/\/mindergyvr.com\/sv\/wp-json\/wp\/v2\/media?parent=2960"}],"curies":[{"name":"wp","href":"https:\/\/api.w.org\/{rel}","templated":true}]}}