{"id":2191,"date":"2025-11-20T08:59:36","date_gmt":"2025-11-20T08:59:36","guid":{"rendered":"https:\/\/mindergyvr.com\/?page_id=2191"},"modified":"2025-12-04T14:44:53","modified_gmt":"2025-12-04T14:44:53","slug":"bamse","status":"publish","type":"page","link":"https:\/\/mindergyvr.com\/sv\/bamse\/","title":{"rendered":"Bamse"},"content":{"rendered":"<div data-elementor-type=\"wp-page\" data-elementor-id=\"2191\" class=\"elementor elementor-2191\" data-elementor-settings=\"{&quot;element_pack_global_tooltip_width&quot;:{&quot;unit&quot;:&quot;px&quot;,&quot;size&quot;:&quot;&quot;,&quot;sizes&quot;:[]},&quot;element_pack_global_tooltip_width_tablet&quot;:{&quot;unit&quot;:&quot;px&quot;,&quot;size&quot;:&quot;&quot;,&quot;sizes&quot;:[]},&quot;element_pack_global_tooltip_width_mobile&quot;:{&quot;unit&quot;:&quot;px&quot;,&quot;size&quot;:&quot;&quot;,&quot;sizes&quot;:[]},&quot;element_pack_global_tooltip_padding&quot;:{&quot;unit&quot;:&quot;px&quot;,&quot;top&quot;:&quot;&quot;,&quot;right&quot;:&quot;&quot;,&quot;bottom&quot;:&quot;&quot;,&quot;left&quot;:&quot;&quot;,&quot;isLinked&quot;:true},&quot;element_pack_global_tooltip_padding_tablet&quot;:{&quot;unit&quot;:&quot;px&quot;,&quot;top&quot;:&quot;&quot;,&quot;right&quot;:&quot;&quot;,&quot;bottom&quot;:&quot;&quot;,&quot;left&quot;:&quot;&quot;,&quot;isLinked&quot;:true},&quot;element_pack_global_tooltip_padding_mobile&quot;:{&quot;unit&quot;:&quot;px&quot;,&quot;top&quot;:&quot;&quot;,&quot;right&quot;:&quot;&quot;,&quot;bottom&quot;:&quot;&quot;,&quot;left&quot;:&quot;&quot;,&quot;isLinked&quot;:true},&quot;element_pack_global_tooltip_border_radius&quot;:{&quot;unit&quot;:&quot;px&quot;,&quot;top&quot;:&quot;&quot;,&quot;right&quot;:&quot;&quot;,&quot;bottom&quot;:&quot;&quot;,&quot;left&quot;:&quot;&quot;,&quot;isLinked&quot;:true},&quot;element_pack_global_tooltip_border_radius_tablet&quot;:{&quot;unit&quot;:&quot;px&quot;,&quot;top&quot;:&quot;&quot;,&quot;right&quot;:&quot;&quot;,&quot;bottom&quot;:&quot;&quot;,&quot;left&quot;:&quot;&quot;,&quot;isLinked&quot;:true},&quot;element_pack_global_tooltip_border_radius_mobile&quot;:{&quot;unit&quot;:&quot;px&quot;,&quot;top&quot;:&quot;&quot;,&quot;right&quot;:&quot;&quot;,&quot;bottom&quot;:&quot;&quot;,&quot;left&quot;:&quot;&quot;,&quot;isLinked&quot;:true}}\" data-elementor-post-type=\"page\">\n\t\t\t\t<div class=\"elementor-element elementor-element-5c20959 e-con-full e-flex e-con e-parent\" data-id=\"5c20959\" data-element_type=\"container\">\n\t\t<div class=\"elementor-element elementor-element-daaff6b e-flex e-con-boxed e-con e-child\" data-id=\"daaff6b\" data-element_type=\"container\" data-settings=\"{&quot;background_background&quot;:&quot;classic&quot;}\">\n\t\t\t\t\t<div class=\"e-con-inner\">\n\t\t\t\t<div class=\"elementor-element elementor-element-46a1838 elementor-invisible elementor-widget elementor-widget-image\" data-id=\"46a1838\" data-element_type=\"widget\" data-settings=\"{&quot;_animation&quot;:&quot;fadeInLeft&quot;}\" data-widget_type=\"image.default\">\n\t\t\t\t<div class=\"elementor-widget-container\">\n\t\t\t\t\t\t\t\t\t\t\t\t\t\t\t<img fetchpriority=\"high\" decoding=\"async\" width=\"454\" height=\"454\" src=\"https:\/\/mindergyvr.com\/wp-content\/uploads\/2025\/11\/bamse-hemsida.png\" class=\"attachment-large size-large wp-image-2196\" alt=\"\" srcset=\"https:\/\/mindergyvr.com\/wp-content\/uploads\/2025\/11\/bamse-hemsida.png 454w, https:\/\/mindergyvr.com\/wp-content\/uploads\/2025\/11\/bamse-hemsida-300x300.png 300w, https:\/\/mindergyvr.com\/wp-content\/uploads\/2025\/11\/bamse-hemsida-150x150.png 150w, https:\/\/mindergyvr.com\/wp-content\/uploads\/2025\/11\/bamse-hemsida-12x12.png 12w\" sizes=\"(max-width: 454px) 100vw, 454px\">\t\t\t\t\t\t\t\t\t\t\t\t\t\t\t<\/div>\n\t\t\t\t<\/div>\n\t\t\t\t<div class=\"elementor-element elementor-element-b1e4985 elementor-widget__width-initial elementor-invisible elementor-widget elementor-widget-heading\" data-id=\"b1e4985\" data-element_type=\"widget\" data-settings=\"{&quot;_animation&quot;:&quot;fadeInLeft&quot;}\" data-widget_type=\"heading.default\">\n\t\t\t\t<div class=\"elementor-widget-container\">\n\t\t\t\t\t<h1 class=\"elementor-heading-title elementor-size-default\">Bamse<\/h1>\t\t\t\t<\/div>\n\t\t\t\t<\/div>\n\t\t\t\t\t<\/div>\n\t\t\t\t<\/div>\n\t\t\t\t<\/div>\n\t\t<div class=\"elementor-element elementor-element-9ae8b42 e-flex e-con-boxed e-con e-parent\" data-id=\"9ae8b42\" data-element_type=\"container\" data-settings=\"{&quot;background_background&quot;:&quot;classic&quot;}\">\n\t\t\t\t\t<div class=\"e-con-inner\">\n\t\t<div class=\"elementor-element elementor-element-6736c8a e-con-full e-flex e-con e-child\" data-id=\"6736c8a\" data-element_type=\"container\">\n\t\t\t\t<div class=\"elementor-element elementor-element-57e2af2 elementor-widget elementor-widget-image\" data-id=\"57e2af2\" data-element_type=\"widget\" data-widget_type=\"image.default\">\n\t\t\t\t<div class=\"elementor-widget-container\">\n\t\t\t\t\t\t\t\t\t\t\t\t\t\t\t<img decoding=\"async\" width=\"800\" height=\"434\" src=\"https:\/\/mindergyvr.com\/wp-content\/uploads\/2025\/11\/HighresScreenshot00001-1-1024x556.png\" class=\"attachment-large size-large wp-image-2439\" alt=\"\" srcset=\"https:\/\/mindergyvr.com\/wp-content\/uploads\/2025\/11\/HighresScreenshot00001-1-1024x556.png 1024w, https:\/\/mindergyvr.com\/wp-content\/uploads\/2025\/11\/HighresScreenshot00001-1-300x163.png 300w, https:\/\/mindergyvr.com\/wp-content\/uploads\/2025\/11\/HighresScreenshot00001-1-768x417.png 768w, https:\/\/mindergyvr.com\/wp-content\/uploads\/2025\/11\/HighresScreenshot00001-1-1536x834.png 1536w, https:\/\/mindergyvr.com\/wp-content\/uploads\/2025\/11\/HighresScreenshot00001-1-2048x1112.png 2048w, https:\/\/mindergyvr.com\/wp-content\/uploads\/2025\/11\/HighresScreenshot00001-1-18x10.png 18w\" sizes=\"(max-width: 800px) 100vw, 800px\">\t\t\t\t\t\t\t\t\t\t\t\t\t\t\t<\/div>\n\t\t\t\t<\/div>\n\t\t\t\t<div class=\"elementor-element elementor-element-6bbd521 color_heading elementor-invisible elementor-widget elementor-widget-heading\" data-id=\"6bbd521\" data-element_type=\"widget\" data-settings=\"{&quot;_animation&quot;:&quot;fadeInLeft&quot;}\" data-widget_type=\"heading.default\">\n\t\t\t\t<div class=\"elementor-widget-container\">\n\t\t\t\t\t<h2 class=\"elementor-heading-title elementor-size-default\">Lugnare behandlingar med Bamses v\u00e4rld<\/h2>\t\t\t\t<\/div>\n\t\t\t\t<\/div>\n\t\t\t\t<div class=\"elementor-element elementor-element-c04a2d9 elementor-invisible elementor-widget elementor-widget-text-editor\" data-id=\"c04a2d9\" data-element_type=\"widget\" data-settings=\"{&quot;_animation&quot;:&quot;fadeInLeft&quot;}\" data-widget_type=\"text-editor.default\">\n\t\t\t\t<div class=\"elementor-widget-container\">\n\t\t\t\t\t\t\t\t\t<p data-start=\"151\" data-end=\"237\">En magisk VR-upplevelse som skapar lugn, trygghet och mer positiva v\u00e5rdbes\u00f6k.<\/p><p data-start=\"239\" data-end=\"540\">V\u00e5rd- och h\u00e4lsobes\u00f6k kan ofta inneb\u00e4ra stress, oro eller r\u00e4dsla f\u00f6r barn. Med Mindergys Bamse-v\u00e4rld bjuds barnen in i en lekfull, \u00e4ventyrlig och trygg milj\u00f6 som hj\u00e4lper dem att flytta fokus fr\u00e5n det som kan k\u00e4nnas jobbigt till n\u00e5got som \u00e4r s\u00e4kert, engagerande och roligt.<\/p><p data-start=\"542\" data-end=\"709\">We offer two specially designed Bamse experiences where one version is tailored for general healthcare and the other is developed specifically for dental care.<\/p><p data-start=\"711\" data-end=\"885\">B\u00e5da upplevelserna \u00e4r utformade f\u00f6r att hj\u00e4lpa barn att vara lugna, stilla och avslappnade, och skapa de b\u00e4sta f\u00f6ruts\u00e4ttningarna f\u00f6r ett smidigt, positivt och tryggt v\u00e5rdm\u00f6te.<\/p><p data-start=\"887\" data-end=\"1188\">Barnen f\u00e5r kliva in i Bamses v\u00e4rld, d\u00e4r vi har skapat en magisk VR-milj\u00f6 som f\u00e5r dem att rikta uppm\u00e4rksamheten mot ber\u00e4ttelsen och figurerna. Det g\u00f6r att deras oro och stress minskar, vilket i sin tur g\u00f6r den kliniska situationen betydligt mindre \u00f6verv\u00e4ldigande.<\/p><p data-start=\"1190\" data-end=\"1473\"><strong data-start=\"1190\" data-end=\"1205\">Resultatet?<\/strong><br data-start=\"1205\" data-end=\"1208\" \/>\u2713 Ett lugnare och mer avslappnat barn<br data-start=\"1238\" data-end=\"1241\" \/>\u2713 Enklare och mer effektivt arbete f\u00f6r v\u00e5rdpersonalen<br data-start=\"1294\" data-end=\"1297\" \/>\u2713 En mer inbjudande och barnv\u00e4nlig mottagning med moderna st\u00f6dverktyg<br data-start=\"1374\" data-end=\"1377\" \/>\u2713 En v\u00e5rdupplevelse som g\u00e5r fr\u00e5n potentiellt skr\u00e4mmande till positiv och minnesv\u00e4rd<\/p><p data-start=\"1475\" data-end=\"1644\">Bamses v\u00e4rld hj\u00e4lper barn och v\u00e5rdpersonal att m\u00f6tas p\u00e5 b\u00e4sta s\u00e4tt, och skapar en upplevelse d\u00e4r trygghet, fantasi och v\u00e5rd g\u00e5r hand i hand.<\/p>\t\t\t\t\t\t\t\t<\/div>\n\t\t\t\t<\/div>\n\t\t\t\t<\/div>\n\t\t\t\t\t<\/div>\n\t\t\t\t<\/div>\n\t\t\t\t<\/div>","protected":false},"excerpt":{"rendered":"<p>Calmer treatments with the world of Bamse A magical VR experience that creates calm, comfort, and more positive healthcare visits Healthcare appointments can often bring stress, worry, or fear for children. With Mindergy&#8217;s world of Bamse, children are invited into a playful, adventurous, and comforting world which helps them shift their focus away from potentially [&hellip;]<\/p>\n","protected":false},"author":4,"featured_media":1884,"parent":0,"menu_order":0,"comment_status":"closed","ping_status":"closed","template":"elementor_header_footer","meta":{"_acf_changed":false,"footnotes":""},"class_list":["post-2191","page","type-page","status-publish","has-post-thumbnail","hentry"],"acf":[],"jetpack_sharing_enabled":true,"_links":{"self":[{"href":"https:\/\/mindergyvr.com\/sv\/wp-json\/wp\/v2\/pages\/2191","targetHints":{"allow":["GET"]}}],"collection":[{"href":"https:\/\/mindergyvr.com\/sv\/wp-json\/wp\/v2\/pages"}],"about":[{"href":"https:\/\/mindergyvr.com\/sv\/wp-json\/wp\/v2\/types\/page"}],"author":[{"embeddable":true,"href":"https:\/\/mindergyvr.com\/sv\/wp-json\/wp\/v2\/users\/4"}],"replies":[{"embeddable":true,"href":"https:\/\/mindergyvr.com\/sv\/wp-json\/wp\/v2\/comments?post=2191"}],"version-history":[{"count":61,"href":"https:\/\/mindergyvr.com\/sv\/wp-json\/wp\/v2\/pages\/2191\/revisions"}],"predecessor-version":[{"id":2965,"href":"https:\/\/mindergyvr.com\/sv\/wp-json\/wp\/v2\/pages\/2191\/revisions\/2965"}],"wp:featuredmedia":[{"embeddable":true,"href":"https:\/\/mindergyvr.com\/sv\/wp-json\/wp\/v2\/media\/1884"}],"wp:attachment":[{"href":"https:\/\/mindergyvr.com\/sv\/wp-json\/wp\/v2\/media?parent=2191"}],"curies":[{"name":"wp","href":"https:\/\/api.w.org\/{rel}","templated":true}]}}